{"id":26,"date":"2014-11-19T14:46:03","date_gmt":"2014-11-19T14:46:03","guid":{"rendered":"http:\/\/guidescubes.fr\/WordPress\/domainedalistro\/?page_id=26"},"modified":"2014-11-21T13:42:23","modified_gmt":"2014-11-21T13:42:23","slug":"saisons-tarifs","status":"publish","type":"page","link":"http:\/\/guidescubes.fr\/WordPress\/domainedalistro\/saisons-tarifs\/","title":{"rendered":"Saisons &#038; tarifs"},"content":{"rendered":"\n<table id=\"tablepress-saisons-tarifs\" class=\"tablepress tablepress-id-saisons-tarifs\">\n<thead>\n<tr class=\"row-1 odd\">\n\t<th class=\"column-1\">D\u00e9but<\/th><th class=\"column-2\">Fin<\/th><th class=\"column-3\">Tarifs Mare et Monti <a class=\"lien-visite\" href=\"..\/le-domaine\/t3-mare-et-monti\/\" rel=\"Visiter Mare et Monti\" alt=\"Visiter Mare et Monti\">visite ><\/a><\/th>\n<\/tr>\n<\/thead>\n<tbody class=\"row-hover\">\n<tr class=\"row-2 even\">\n\t<td class=\"column-1\">13\/04\/2013<\/td><td class=\"column-2\">11\/05\/2013<\/td><td class=\"column-3\">580 \u20ac \/ semaine<\/td>\n<\/tr>\n<tr class=\"row-3 odd\">\n\t<td class=\"column-1\">11\/05\/2013<\/td><td class=\"column-2\">01\/06\/2013<\/td><td class=\"column-3\">380 \u20ac \/ semaine<\/td>\n<\/tr>\n<tr class=\"row-4 even\">\n\t<td class=\"column-1\">01\/06\/2013<\/td><td class=\"column-2\">06\/07\/2013<\/td><td class=\"column-3\">620 \u20ac \/ semaine<\/td>\n<\/tr>\n<tr class=\"row-5 odd\">\n\t<td class=\"column-1\">06\/07\/2013<\/td><td class=\"column-2\">27\/07\/2013<\/td><td class=\"column-3\">790 \u20ac \/ semaine<\/td>\n<\/tr>\n<tr class=\"row-6 even\">\n\t<td class=\"column-1\">27\/07\/2013<\/td><td class=\"column-2\">31\/08\/2013<\/td><td class=\"column-3\">890 \u20ac \/ semaine<\/td>\n<\/tr>\n<tr class=\"row-7 odd\">\n\t<td class=\"column-1\">31\/08\/2013<\/td><td class=\"column-2\">05\/10\/2013<\/td><td class=\"column-3\">620 \u20ac \/ semaine<\/td>\n<\/tr>\n<\/tbody>\n<tfoot>\n<tr class=\"row-8 even\">\n\t<th colspan=\"3\" class=\"column-1\">Dur\u00e9e minimum du s\u00e9jour : \u00e0 la semaine<\/th>\n<\/tr>\n<\/tfoot>\n<\/table>\n<!-- #tablepress-saisons-tarifs from cache -->\n","protected":false},"excerpt":{"rendered":"","protected":false},"author":1,"featured_media":0,"parent":0,"menu_order":4,"comment_status":"open","ping_status":"closed","template":"template-content-tarifs.php","meta":[],"_links":{"self":[{"href":"http:\/\/guidescubes.fr\/WordPress\/domainedalistro\/wp-json\/wp\/v2\/pages\/26"}],"collection":[{"href":"http:\/\/guidescubes.fr\/WordPress\/domainedalistro\/wp-json\/wp\/v2\/pages"}],"about":[{"href":"http:\/\/guidescubes.fr\/WordPress\/domainedalistro\/wp-json\/wp\/v2\/types\/page"}],"author":[{"embeddable":true,"href":"http:\/\/guidescubes.fr\/WordPress\/domainedalistro\/wp-json\/wp\/v2\/users\/1"}],"replies":[{"embeddable":true,"href":"http:\/\/guidescubes.fr\/WordPress\/domainedalistro\/wp-json\/wp\/v2\/comments?post=26"}],"version-history":[{"count":4,"href":"http:\/\/guidescubes.fr\/WordPress\/domainedalistro\/wp-json\/wp\/v2\/pages\/26\/revisions"}],"predecessor-version":[{"id":98,"href":"http:\/\/guidescubes.fr\/WordPress\/domainedalistro\/wp-json\/wp\/v2\/pages\/26\/revisions\/98"}],"wp:attachment":[{"href":"http:\/\/guidescubes.fr\/WordPress\/domainedalistro\/wp-json\/wp\/v2\/media?parent=26"}],"curies":[{"name":"wp","href":"https:\/\/api.w.org\/{rel}","templated":true}]}}