{"id":20,"date":"2014-11-19T14:45:28","date_gmt":"2014-11-19T14:45:28","guid":{"rendered":"http:\/\/guidescubes.fr\/WordPress\/domainedalistro\/?page_id=20"},"modified":"2014-11-21T15:06:54","modified_gmt":"2014-11-21T15:06:54","slug":"le-domaine","status":"publish","type":"page","link":"http:\/\/guidescubes.fr\/WordPress\/domainedalistro\/le-domaine\/","title":{"rendered":"Le Domaine"},"content":{"rendered":"<p>Le Domaine d&rsquo;Alistro est implant\u00e9 sur un terrain arbor\u00e9 de ch\u00eane li\u00e8ge de 5 000 m\u00b2 ou r\u00e8gne le calme. Il est compos\u00e9 d&rsquo;un T6 et de deux T3 dans une construction de 1993 enti\u00e8rement r\u00e9nov\u00e9e.<br \/>\nUne grande piscine de 2,5m x 6m dot\u00e9e d&rsquo;un plancher en teck et de transats de trouve au centre du jardin.<\/p>\n<p>Les trois logements, vastes et confortables, sont nomm\u00e9s \u00ab\u00a0Grande\u00a0\u00bb, \u00ab\u00a0Mare\u00a0\u00bb et \u00ab\u00a0Monti\u00a0\u00bb. Chacun est dot\u00e9 de places de parking privatives, d&rsquo;un mobilier neuf et de qualit\u00e9, et de tout l&rsquo;\u00e9quipement m\u00e9nager et TV\/Hifi n\u00e9cessaire.<\/p>\n","protected":false},"excerpt":{"rendered":"<p>Le Domaine d&rsquo;Alistro est implant\u00e9 sur un terrain arbor\u00e9 de ch\u00eane li\u00e8ge de 5 000 m\u00b2 ou r\u00e8gne le calme. Il est compos\u00e9 d&rsquo;un T6 et de deux T3 dans une construction de 1993 enti\u00e8rement r\u00e9nov\u00e9e. Une grande piscine de 2,5m x 6m dot\u00e9e d&rsquo;un plancher en teck et de &#8230;<\/p>\n","protected":false},"author":1,"featured_media":0,"parent":0,"menu_order":1,"comment_status":"open","ping_status":"closed","template":"template-content-domaine.php","meta":[],"_links":{"self":[{"href":"http:\/\/guidescubes.fr\/WordPress\/domainedalistro\/wp-json\/wp\/v2\/pages\/20"}],"collection":[{"href":"http:\/\/guidescubes.fr\/WordPress\/domainedalistro\/wp-json\/wp\/v2\/pages"}],"about":[{"href":"http:\/\/guidescubes.fr\/WordPress\/domainedalistro\/wp-json\/wp\/v2\/types\/page"}],"author":[{"embeddable":true,"href":"http:\/\/guidescubes.fr\/WordPress\/domainedalistro\/wp-json\/wp\/v2\/users\/1"}],"replies":[{"embeddable":true,"href":"http:\/\/guidescubes.fr\/WordPress\/domainedalistro\/wp-json\/wp\/v2\/comments?post=20"}],"version-history":[{"count":4,"href":"http:\/\/guidescubes.fr\/WordPress\/domainedalistro\/wp-json\/wp\/v2\/pages\/20\/revisions"}],"predecessor-version":[{"id":53,"href":"http:\/\/guidescubes.fr\/WordPress\/domainedalistro\/wp-json\/wp\/v2\/pages\/20\/revisions\/53"}],"wp:attachment":[{"href":"http:\/\/guidescubes.fr\/WordPress\/domainedalistro\/wp-json\/wp\/v2\/media?parent=20"}],"curies":[{"name":"wp","href":"https:\/\/api.w.org\/{rel}","templated":true}]}}